{"id":199,"date":"2023-10-17T05:26:16","date_gmt":"2023-10-17T05:26:16","guid":{"rendered":"https:\/\/serviciotsg.mx\/?page_id=199"},"modified":"2023-10-17T05:34:47","modified_gmt":"2023-10-17T05:34:47","slug":"desarrollo-de-software","status":"publish","type":"page","link":"https:\/\/serviciotsg.mx\/index.php\/desarrollo-de-software\/","title":{"rendered":"Desarrollo de Software"},"content":{"rendered":"\t\t<div data-elementor-type=\"wp-page\" data-elementor-id=\"199\" class=\"elementor elementor-199\" data-elementor-post-type=\"page\">\n\t\t\t\t<div class=\"elementor-element elementor-element-b2baea7 e-flex e-con-boxed e-con e-parent\" data-id=\"b2baea7\" data-element_type=\"container\" data-e-type=\"container\">\n\t\t\t\t\t<div class=\"e-con-inner\">\n\t\t\t\t<div class=\"elementor-element elementor-element-d7516a6 elementor-widget elementor-widget-image\" data-id=\"d7516a6\" data-element_type=\"widget\" data-e-type=\"widget\" data-widget_type=\"image.default\">\n\t\t\t\t<div class=\"elementor-widget-container\">\n\t\t\t\t\t\t\t\t\t\t\t\t\t\t\t<img decoding=\"async\" src=\"https:\/\/serviciotsg.mx\/wp-content\/uploads\/elementor\/thumbs\/program-programming-computer-6944163-qdzbtn0tjgm5e22d1c2g3989ta43d1ho1hbhe1c52k.jpg\" title=\"program-programming-computer-6944163\" alt=\"program, programming, computer-6944163.jpg\" loading=\"lazy\" \/>\t\t\t\t\t\t\t\t\t\t\t\t\t\t\t<\/div>\n\t\t\t\t<\/div>\n\t\t\t\t\t<\/div>\n\t\t\t\t<\/div>\n\t\t<div class=\"elementor-element elementor-element-92330cf e-flex e-con-boxed e-con e-parent\" data-id=\"92330cf\" data-element_type=\"container\" data-e-type=\"container\">\n\t\t\t\t\t<div class=\"e-con-inner\">\n\t\t<div class=\"elementor-element elementor-element-4e4ea49 e-flex e-con-boxed e-con e-child\" data-id=\"4e4ea49\" data-element_type=\"container\" data-e-type=\"container\">\n\t\t\t\t\t<div class=\"e-con-inner\">\n\t\t\t\t<div class=\"elementor-element elementor-element-ded8ce9 elementor-widget elementor-widget-heading\" data-id=\"ded8ce9\" data-element_type=\"widget\" data-e-type=\"widget\" data-widget_type=\"heading.default\">\n\t\t\t\t<div class=\"elementor-widget-container\">\n\t\t\t\t\t<h2 class=\"elementor-heading-title elementor-size-default\">Desarrollo de Software Personalizado: Transformando Ideas en Realidad<\/h2>\t\t\t\t<\/div>\n\t\t\t\t<\/div>\n\t\t\t\t\t<\/div>\n\t\t\t\t<\/div>\n\t\t\t\t<div class=\"elementor-element elementor-element-8e91fa1 elementor-widget elementor-widget-text-editor\" data-id=\"8e91fa1\" data-element_type=\"widget\" data-e-type=\"widget\" data-widget_type=\"text-editor.default\">\n\t\t\t\t<div class=\"elementor-widget-container\">\n\t\t\t\t\t\t\t\t\t<p>En TSG Tecnolog\u00eda y Servicios Globales, el desarrollo de software personalizado es nuestra pasi\u00f3n. Entendemos que cada empresa tiene necesidades \u00fanicas, y es por eso que creamos aplicaciones a medida que se adaptan a sus especificaciones. Nuestro enfoque t\u00e9cnico y orientado al cliente se traduce en soluciones efectivas y eficientes. Aqu\u00ed hay una visi\u00f3n general de las tecnolog\u00edas clave que utilizamos:<\/p><p><strong>Lenguajes de Programaci\u00f3n<\/strong>: Nuestro equipo domina diversos lenguajes de programaci\u00f3n, como Python, Java, C#, y JavaScript. Cada uno se elige cuidadosamente seg\u00fan el proyecto para garantizar un desarrollo eficiente y un rendimiento \u00f3ptimo.<\/p><p><strong>Bases de Datos<\/strong>: Las bases de datos son fundamentales para el almacenamiento y gesti\u00f3n de datos cr\u00edticos. Utilizamos sistemas como MySQL, PostgreSQL, MongoDB y Oracle para garantizar la escalabilidad y la integridad de sus datos.<\/p><p><strong>Frameworks y Herramientas<\/strong>: Para acelerar el proceso de desarrollo, confiamos en potentes frameworks y herramientas como React, Angular, Django, .NET, y muchas otras. Estas herramientas nos permiten crear aplicaciones robustas en menos tiempo.<\/p><p><strong>Metodolog\u00edas \u00c1giles:<\/strong> La agilidad es esencial en el desarrollo de software. Implementamos metodolog\u00edas \u00e1giles como Scrum y Kanban para una entrega puntual y colaborativa, permitiendo ajustes sobre la marcha.<\/p><p><strong>Calidad y Pruebas:<\/strong> La calidad es nuestra prioridad. Realizamos pruebas exhaustivas, como pruebas unitarias, de integraci\u00f3n y de aceptaci\u00f3n, para garantizar que su software funcione sin problemas y est\u00e9 libre de errores.<\/p><p>Con TSG, puede confiar en que su visi\u00f3n se materializar\u00e1 en una aplicaci\u00f3n s\u00f3lida y de alto rendimiento. Nuestro enfoque t\u00e9cnico y nuestra dedicaci\u00f3n a la calidad son la base de cada proyecto de desarrollo de software que emprendemos. D\u00e9jenos convertir sus ideas en realidad.<\/p>\t\t\t\t\t\t\t\t<\/div>\n\t\t\t\t<\/div>\n\t\t\t\t\t<\/div>\n\t\t\t\t<\/div>\n\t\t\t\t<\/div>\n\t\t","protected":false},"excerpt":{"rendered":"<p>Desarrollo de Software Personalizado: Transformando Ideas en Realidad En TSG Tecnolog\u00eda y Servicios Globales, el desarrollo de software personalizado es nuestra pasi\u00f3n. Entendemos que cada empresa tiene necesidades \u00fanicas, y es por eso que creamos aplicaciones a medida que se adaptan a sus especificaciones. Nuestro enfoque t\u00e9cnico y orientado al cliente se traduce en soluciones [&hellip;]<\/p>\n","protected":false},"author":1,"featured_media":0,"parent":0,"menu_order":0,"comment_status":"closed","ping_status":"closed","template":"","meta":{"site-sidebar-layout":"no-sidebar","site-content-layout":"","ast-site-content-layout":"full-width-container","site-content-style":"default","site-sidebar-style":"default","ast-global-header-display":"","ast-banner-title-visibility":"","ast-main-header-display":"","ast-hfb-above-header-display":"","ast-hfb-below-header-display":"","ast-hfb-mobile-header-display":"","site-post-title":"disabled","ast-breadcrumbs-content":"","ast-featured-img":"disabled","footer-sml-layout":"","ast-disable-related-posts":"","theme-transparent-header-meta":"","adv-header-id-meta":"","stick-header-meta":"","header-above-stick-meta":"","header-main-stick-meta":"","header-below-stick-meta":"","astra-migrate-meta-layouts":"default","ast-page-background-enabled":"default","ast-page-background-meta":{"desktop":{"background-color":"var(--ast-global-color-4)","background-image":"","background-repeat":"repeat","background-position":"center center","background-size":"auto","background-attachment":"scroll","background-type":"","background-media":"","overlay-type":"","overlay-color":"","overlay-opacity":"","overlay-gradient":""},"tablet":{"background-color":"","background-image":"","background-repeat":"repeat","background-position":"center center","background-size":"auto","background-attachment":"scroll","background-type":"","background-media":"","overlay-type":"","overlay-color":"","overlay-opacity":"","overlay-gradient":""},"mobile":{"background-color":"","background-image":"","background-repeat":"repeat","background-position":"center center","background-size":"auto","background-attachment":"scroll","background-type":"","background-media":"","overlay-type":"","overlay-color":"","overlay-opacity":"","overlay-gradient":""}},"ast-content-background-meta":{"desktop":{"background-color":"var(--ast-global-color-5)","background-image":"","background-repeat":"repeat","background-position":"center center","background-size":"auto","background-attachment":"scroll","background-type":"","background-media":"","overlay-type":"","overlay-color":"","overlay-opacity":"","overlay-gradient":""},"tablet":{"background-color":"var(--ast-global-color-5)","background-image":"","background-repeat":"repeat","background-position":"center center","background-size":"auto","background-attachment":"scroll","background-type":"","background-media":"","overlay-type":"","overlay-color":"","overlay-opacity":"","overlay-gradient":""},"mobile":{"background-color":"var(--ast-global-color-5)","background-image":"","background-repeat":"repeat","background-position":"center center","background-size":"auto","background-attachment":"scroll","background-type":"","background-media":"","overlay-type":"","overlay-color":"","overlay-opacity":"","overlay-gradient":""}},"footnotes":""},"class_list":["post-199","page","type-page","status-publish","hentry"],"_links":{"self":[{"href":"https:\/\/serviciotsg.mx\/index.php\/wp-json\/wp\/v2\/pages\/199","targetHints":{"allow":["GET"]}}],"collection":[{"href":"https:\/\/serviciotsg.mx\/index.php\/wp-json\/wp\/v2\/pages"}],"about":[{"href":"https:\/\/serviciotsg.mx\/index.php\/wp-json\/wp\/v2\/types\/page"}],"author":[{"embeddable":true,"href":"https:\/\/serviciotsg.mx\/index.php\/wp-json\/wp\/v2\/users\/1"}],"replies":[{"embeddable":true,"href":"https:\/\/serviciotsg.mx\/index.php\/wp-json\/wp\/v2\/comments?post=199"}],"version-history":[{"count":6,"href":"https:\/\/serviciotsg.mx\/index.php\/wp-json\/wp\/v2\/pages\/199\/revisions"}],"predecessor-version":[{"id":209,"href":"https:\/\/serviciotsg.mx\/index.php\/wp-json\/wp\/v2\/pages\/199\/revisions\/209"}],"wp:attachment":[{"href":"https:\/\/serviciotsg.mx\/index.php\/wp-json\/wp\/v2\/media?parent=199"}],"curies":[{"name":"wp","href":"https:\/\/api.w.org\/{rel}","templated":true}]}}