{"id":215,"date":"2023-10-17T17:18:40","date_gmt":"2023-10-17T17:18:40","guid":{"rendered":"https:\/\/serviciotsg.mx\/?page_id=215"},"modified":"2023-10-17T17:21:23","modified_gmt":"2023-10-17T17:21:23","slug":"help-desk","status":"publish","type":"page","link":"https:\/\/serviciotsg.mx\/index.php\/help-desk\/","title":{"rendered":"Help Desk"},"content":{"rendered":"\t\t<div data-elementor-type=\"wp-page\" data-elementor-id=\"215\" class=\"elementor elementor-215\" data-elementor-post-type=\"page\">\n\t\t\t\t<div class=\"elementor-element elementor-element-b2baea7 e-flex e-con-boxed e-con e-parent\" data-id=\"b2baea7\" data-element_type=\"container\" data-e-type=\"container\">\n\t\t\t\t\t<div class=\"e-con-inner\">\n\t\t\t\t<div class=\"elementor-element elementor-element-d7516a6 elementor-widget elementor-widget-image\" data-id=\"d7516a6\" data-element_type=\"widget\" data-e-type=\"widget\" data-widget_type=\"image.default\">\n\t\t\t\t<div class=\"elementor-widget-container\">\n\t\t\t\t\t\t\t\t\t\t\t\t\t\t\t<img decoding=\"async\" src=\"https:\/\/serviciotsg.mx\/wp-content\/uploads\/elementor\/thumbs\/call-centre-communication-customer-4235658-qe06ku2xt2a72jsusfd5mcxnxivv61zd9lccwlopt8.jpg\" title=\"call-centre-communication-customer-4235658\" alt=\"call centre, communication, customer-4235658.jpg\" loading=\"lazy\" \/>\t\t\t\t\t\t\t\t\t\t\t\t\t\t\t<\/div>\n\t\t\t\t<\/div>\n\t\t\t\t\t<\/div>\n\t\t\t\t<\/div>\n\t\t<div class=\"elementor-element elementor-element-92330cf e-flex e-con-boxed e-con e-parent\" data-id=\"92330cf\" data-element_type=\"container\" data-e-type=\"container\">\n\t\t\t\t\t<div class=\"e-con-inner\">\n\t\t<div class=\"elementor-element elementor-element-4e4ea49 e-flex e-con-boxed e-con e-child\" data-id=\"4e4ea49\" data-element_type=\"container\" data-e-type=\"container\">\n\t\t\t\t\t<div class=\"e-con-inner\">\n\t\t\t\t<div class=\"elementor-element elementor-element-ded8ce9 elementor-widget elementor-widget-heading\" data-id=\"ded8ce9\" data-element_type=\"widget\" data-e-type=\"widget\" data-widget_type=\"heading.default\">\n\t\t\t\t<div class=\"elementor-widget-container\">\n\t\t\t\t\t<h2 class=\"elementor-heading-title elementor-size-default\">Help Desk: Su Socio para una Asistencia T\u00e9cnica Impecable<\/h2>\t\t\t\t<\/div>\n\t\t\t\t<\/div>\n\t\t\t\t\t<\/div>\n\t\t\t\t<\/div>\n\t\t\t\t<div class=\"elementor-element elementor-element-8e91fa1 elementor-widget elementor-widget-text-editor\" data-id=\"8e91fa1\" data-element_type=\"widget\" data-e-type=\"widget\" data-widget_type=\"text-editor.default\">\n\t\t\t\t<div class=\"elementor-widget-container\">\n\t\t\t\t\t\t\t\t\t<div class=\"flex-1 overflow-hidden\"><div class=\"react-scroll-to-bottom--css-taser-79elbk h-full dark:bg-gray-800\"><div class=\"react-scroll-to-bottom--css-taser-1n7m0yu\"><div class=\"flex flex-col text-sm dark:bg-gray-800\"><div class=\"group final-completion w-full text-token-text-primary border-b border-black\/10 gizmo:border-0 dark:border-gray-900\/50 gizmo:dark:border-0 bg-gray-50 gizmo:bg-transparent dark:bg-[#444654] gizmo:dark:bg-transparent\" data-testid=\"conversation-turn-27\"><div class=\"p-4 justify-center text-base md:gap-6 md:py-6 m-auto\"><div class=\"flex flex-1 gap-4 text-base mx-auto md:gap-6 gizmo:gap-3 gizmo:md:px-5 gizmo:lg:px-1 gizmo:xl:px-5 md:max-w-2xl lg:max-w-[38rem] gizmo:md:max-w-3xl gizmo:lg:max-w-[40rem] gizmo:xl:max-w-[48rem] xl:max-w-3xl }\"><div class=\"relative flex w-[calc(100%-50px)] flex-col gizmo:w-full lg:w-[calc(100%-115px)] agent-turn\"><div class=\"flex-col gap-1 md:gap-3\"><div class=\"flex flex-grow flex-col gap-3 max-w-full\"><div class=\"min-h-[20px] flex flex-col items-start gap-3 whitespace-pre-wrap break-words overflow-x-auto\"><div class=\"markdown prose w-full break-words dark:prose-invert light\"><p>En TSG Tecnolog\u00eda y Servicios Globales, nuestro servicio de Help Desk es su recurso esencial para mantener la operaci\u00f3n empresarial sin problemas. Entendemos que los problemas t\u00e9cnicos pueden surgir en cualquier momento, y nuestro equipo altamente capacitado est\u00e1 listo para brindar soluciones r\u00e1pidas y efectivas. Esto es lo que puede esperar de nuestro servicio de Help Desk:<\/p><p><strong>Soporte T\u00e9cnico Ininterrumpido:<\/strong> Ofrecemos asistencia las 24 horas, los 7 d\u00edas de la semana, para abordar problemas t\u00e9cnicos en cualquier momento que surjan.<\/p><p><strong>Resoluci\u00f3n R\u00e1pida:<\/strong> Nuestro objetivo es minimizar el tiempo de inactividad. Nuestros expertos trabajan eficientemente para resolver problemas y mantener su operaci\u00f3n funcionando sin problemas.<\/p><p><strong>Atenci\u00f3n al Cliente de Primera Clase:<\/strong> Nuestro equipo de soporte es amable y comprensivo. Tratamos a cada cliente con respeto y empat\u00eda, lo que genera una experiencia positiva para los usuarios finales.<\/p><p><strong>Tecnolog\u00eda Avanzada:<\/strong> Utilizamos las \u00faltimas herramientas de soporte t\u00e9cnico y seguimos las mejores pr\u00e1cticas para garantizar la calidad del servicio.<\/p><p><strong>Seguimiento y Reportes:<\/strong> Mantenemos un registro de cada solicitud de soporte, lo que permite un seguimiento efectivo y la generaci\u00f3n de informes para una mayor visibilidad.<\/p><p><strong>Formaci\u00f3n del Usuario:<\/strong> Adem\u00e1s de solucionar problemas, proporcionamos capacitaci\u00f3n a los usuarios finales para ayudarles a aprovechar al m\u00e1ximo la tecnolog\u00eda.<\/p><p>Con nuestro servicio de Help Desk, puede estar seguro de que los problemas t\u00e9cnicos no detendr\u00e1n su negocio. Estamos comprometidos a brindar un soporte t\u00e9cnico excepcional que le permite mantener la productividad y la satisfacci\u00f3n de sus empleados. Conf\u00ede en nosotros como su socio para una asistencia t\u00e9cnica impecable.<\/p><\/div><\/div><\/div><div class=\"flex justify-between empty:hidden gizmo:justify-start gizmo:gap-3 lg:block\"><div class=\"text-gray-400 flex self-end lg:self-center justify-center gizmo:lg:justify-start mt-2 gizmo:mt-0 visible lg:gap-1 lg:absolute lg:top-0 lg:translate-x-full lg:right-0 lg:mt-0 lg:pl-2 gap-2 md:gap-3\"><button class=\"flex ml-auto gizmo:ml-0 gap-2 items-center rounded-md p-1 text-xs gizmo:gap-1.5 gizmo:pl-0 dark:text-gray-400 dark:hover:bg-gray-700 dark:hover:text-gray-200 disabled:dark:hover:text-gray-400 hover:bg-gray-100 hover:text-gray-700\"><\/button><div class=\"flex gap-1 gizmo:gap-3\">\u00a0<\/div><\/div><\/div><\/div><\/div><\/div><\/div><\/div><div class=\"h-32 md:h-48 flex-shrink-0\">\u00a0<\/div><\/div><\/div><\/div><\/div><div class=\"w-full pt-2 border-t md:border-t-0 dark:border-white\/20 md:border-transparent md:dark:border-transparent md:pl-2 md:w-[calc(100%-.5rem)] absolute bottom-0 left-0 md:bg-vert-light-gradient bg-white dark:bg-gray-800 md:!bg-transparent dark:md:bg-vert-dark-gradient\"><form class=\"stretch mx-2 flex flex-row gap-3 last:mb-2 md:mx-4 md:last:mb-6 lg:mx-auto lg:max-w-2xl xl:max-w-3xl\"><div class=\"relative flex h-full flex-1 items-stretch md:flex-col\"><div><div class=\"h-full flex ml-1 md:w-full md:m-auto md:mb-4 gap-0 md:gap-2 justify-center\">\u00a0<\/div><\/div><\/div><\/form><\/div>\t\t\t\t\t\t\t\t<\/div>\n\t\t\t\t<\/div>\n\t\t\t\t\t<\/div>\n\t\t\t\t<\/div>\n\t\t\t\t<\/div>\n\t\t","protected":false},"excerpt":{"rendered":"<p>Help Desk: Su Socio para una Asistencia T\u00e9cnica Impecable En TSG Tecnolog\u00eda y Servicios Globales, nuestro servicio de Help Desk es su recurso esencial para mantener la operaci\u00f3n empresarial sin problemas. Entendemos que los problemas t\u00e9cnicos pueden surgir en cualquier momento, y nuestro equipo altamente capacitado est\u00e1 listo para brindar soluciones r\u00e1pidas y efectivas. Esto [&hellip;]<\/p>\n","protected":false},"author":1,"featured_media":0,"parent":0,"menu_order":0,"comment_status":"closed","ping_status":"closed","template":"","meta":{"site-sidebar-layout":"no-sidebar","site-content-layout":"","ast-site-content-layout":"full-width-container","site-content-style":"default","site-sidebar-style":"default","ast-global-header-display":"","ast-banner-title-visibility":"","ast-main-header-display":"","ast-hfb-above-header-display":"","ast-hfb-below-header-display":"","ast-hfb-mobile-header-display":"","site-post-title":"disabled","ast-breadcrumbs-content":"","ast-featured-img":"disabled","footer-sml-layout":"","ast-disable-related-posts":"","theme-transparent-header-meta":"default","adv-header-id-meta":"","stick-header-meta":"","header-above-stick-meta":"","header-main-stick-meta":"","header-below-stick-meta":"","astra-migrate-meta-layouts":"set","ast-page-background-enabled":"default","ast-page-background-meta":{"desktop":{"background-color":"var(--ast-global-color-4)","background-image":"","background-repeat":"repeat","background-position":"center center","background-size":"auto","background-attachment":"scroll","background-type":"","background-media":"","overlay-type":"","overlay-color":"","overlay-opacity":"","overlay-gradient":""},"tablet":{"background-color":"","background-image":"","background-repeat":"repeat","background-position":"center center","background-size":"auto","background-attachment":"scroll","background-type":"","background-media":"","overlay-type":"","overlay-color":"","overlay-opacity":"","overlay-gradient":""},"mobile":{"background-color":"","background-image":"","background-repeat":"repeat","background-position":"center center","background-size":"auto","background-attachment":"scroll","background-type":"","background-media":"","overlay-type":"","overlay-color":"","overlay-opacity":"","overlay-gradient":""}},"ast-content-background-meta":{"desktop":{"background-color":"var(--ast-global-color-5)","background-image":"","background-repeat":"repeat","background-position":"center center","background-size":"auto","background-attachment":"scroll","background-type":"","background-media":"","overlay-type":"","overlay-color":"","overlay-opacity":"","overlay-gradient":""},"tablet":{"background-color":"var(--ast-global-color-5)","background-image":"","background-repeat":"repeat","background-position":"center center","background-size":"auto","background-attachment":"scroll","background-type":"","background-media":"","overlay-type":"","overlay-color":"","overlay-opacity":"","overlay-gradient":""},"mobile":{"background-color":"var(--ast-global-color-5)","background-image":"","background-repeat":"repeat","background-position":"center center","background-size":"auto","background-attachment":"scroll","background-type":"","background-media":"","overlay-type":"","overlay-color":"","overlay-opacity":"","overlay-gradient":""}},"footnotes":""},"class_list":["post-215","page","type-page","status-publish","hentry"],"_links":{"self":[{"href":"https:\/\/serviciotsg.mx\/index.php\/wp-json\/wp\/v2\/pages\/215","targetHints":{"allow":["GET"]}}],"collection":[{"href":"https:\/\/serviciotsg.mx\/index.php\/wp-json\/wp\/v2\/pages"}],"about":[{"href":"https:\/\/serviciotsg.mx\/index.php\/wp-json\/wp\/v2\/types\/page"}],"author":[{"embeddable":true,"href":"https:\/\/serviciotsg.mx\/index.php\/wp-json\/wp\/v2\/users\/1"}],"replies":[{"embeddable":true,"href":"https:\/\/serviciotsg.mx\/index.php\/wp-json\/wp\/v2\/comments?post=215"}],"version-history":[{"count":4,"href":"https:\/\/serviciotsg.mx\/index.php\/wp-json\/wp\/v2\/pages\/215\/revisions"}],"predecessor-version":[{"id":221,"href":"https:\/\/serviciotsg.mx\/index.php\/wp-json\/wp\/v2\/pages\/215\/revisions\/221"}],"wp:attachment":[{"href":"https:\/\/serviciotsg.mx\/index.php\/wp-json\/wp\/v2\/media?parent=215"}],"curies":[{"name":"wp","href":"https:\/\/api.w.org\/{rel}","templated":true}]}}