{"id":63,"date":"2023-10-15T09:23:24","date_gmt":"2023-10-15T09:23:24","guid":{"rendered":"https:\/\/serviciotsg.mx\/?page_id=63"},"modified":"2023-10-17T17:26:49","modified_gmt":"2023-10-17T17:26:49","slug":"servicios","status":"publish","type":"page","link":"https:\/\/serviciotsg.mx\/","title":{"rendered":"Servicios"},"content":{"rendered":"\t\t<div data-elementor-type=\"wp-page\" data-elementor-id=\"63\" class=\"elementor elementor-63\" data-elementor-post-type=\"page\">\n\t\t\t\t\t\t<section class=\"elementor-section elementor-top-section elementor-element elementor-element-w5a6xdg elementor-section-content-top elementor-section-boxed elementor-section-height-default elementor-section-height-default\" data-id=\"w5a6xdg\" data-element_type=\"section\" data-e-type=\"section\" data-settings=\"{&quot;background_background&quot;:&quot;classic&quot;}\">\n\t\t\t\t\t\t\t<div class=\"elementor-background-overlay\"><\/div>\n\t\t\t\t\t\t\t<div class=\"elementor-container elementor-column-gap-no\">\n\t\t\t\t\t<div class=\"elementor-column elementor-col-100 elementor-top-column elementor-element elementor-element-546b9f5\" data-id=\"546b9f5\" data-element_type=\"column\" data-e-type=\"column\">\n\t\t\t<div class=\"elementor-widget-wrap elementor-element-populated\">\n\t\t\t\t\t\t<div class=\"elementor-element elementor-element-ba215d5 elementor-widget__width-initial elementor-widget-mobile__width-inherit elementor-widget elementor-widget-heading\" data-id=\"ba215d5\" data-element_type=\"widget\" data-e-type=\"widget\" data-widget_type=\"heading.default\">\n\t\t\t\t<div class=\"elementor-widget-container\">\n\t\t\t\t\t<h2 class=\"elementor-heading-title elementor-size-default\">Consultor\u00eda en Tecnolog\u00eda de Informaci\u00f3n<\/h2>\t\t\t\t<\/div>\n\t\t\t\t<\/div>\n\t\t\t\t<div class=\"elementor-element elementor-element-ae17007 elementor-widget__width-initial elementor-widget-mobile__width-inherit elementor-widget elementor-widget-text-editor\" data-id=\"ae17007\" data-element_type=\"widget\" data-e-type=\"widget\" data-widget_type=\"text-editor.default\">\n\t\t\t\t<div class=\"elementor-widget-container\">\n\t\t\t\t\t\t\t\t\t<p>La experiencia de consultores expertos en TI, ayuda a tomar decisiones m\u00e1s informadas, optimizar sus procesos, reducir costos y aumentar la eficiencia operativa<\/p>\t\t\t\t\t\t\t\t<\/div>\n\t\t\t\t<\/div>\n\t\t\t\t<div class=\"elementor-element elementor-element-0367610 elementor-widget elementor-widget-image\" data-id=\"0367610\" data-element_type=\"widget\" data-e-type=\"widget\" data-widget_type=\"image.default\">\n\t\t\t\t<div class=\"elementor-widget-container\">\n\t\t\t\t\t\t\t\t\t\t\t\t\t\t\t<img decoding=\"async\" src=\"https:\/\/serviciotsg.mx\/wp-content\/uploads\/elementor\/thumbs\/future-businessman-tablet-3277744-qdxjyguoqdvzzdzpmih0xsn42e9405vs2w1szr34aw.jpg\" title=\"future-businessman-tablet-3277744\" alt=\"future, businessman, tablet-3277744.jpg\" loading=\"lazy\" \/>\t\t\t\t\t\t\t\t\t\t\t\t\t\t\t<\/div>\n\t\t\t\t<\/div>\n\t\t\t\t<section class=\"elementor-section elementor-inner-section elementor-element elementor-element-216bdf1 elementor-section-boxed elementor-section-height-default elementor-section-height-default\" data-id=\"216bdf1\" data-element_type=\"section\" data-e-type=\"section\">\n\t\t\t\t\t\t<div class=\"elementor-container elementor-column-gap-default\">\n\t\t\t\t\t<div class=\"elementor-column elementor-col-33 elementor-inner-column elementor-element elementor-element-34d33e2\" data-id=\"34d33e2\" data-element_type=\"column\" data-e-type=\"column\">\n\t\t\t<div class=\"elementor-widget-wrap elementor-element-populated\">\n\t\t\t\t\t\t<div class=\"elementor-element elementor-element-6e074cf elementor-position-left elementor-vertical-align-middle elementor-widget elementor-widget-image-box\" data-id=\"6e074cf\" data-element_type=\"widget\" data-e-type=\"widget\" data-widget_type=\"image-box.default\">\n\t\t\t\t<div class=\"elementor-widget-container\">\n\t\t\t\t\t<div class=\"elementor-image-box-wrapper\"><figure class=\"elementor-image-box-img\"><a href=\"https:\/\/serviciotsg.mx\/index.php\/desarrollo-de-software\/\" tabindex=\"-1\"><img fetchpriority=\"high\" decoding=\"async\" width=\"1280\" height=\"972\" src=\"https:\/\/serviciotsg.mx\/wp-content\/uploads\/2023\/10\/internet-global-earth-3257966.jpg\" class=\"attachment-full size-full wp-image-111\" alt=\"internet, global, earth-3257966.jpg\" srcset=\"https:\/\/serviciotsg.mx\/wp-content\/uploads\/2023\/10\/internet-global-earth-3257966.jpg 1280w, https:\/\/serviciotsg.mx\/wp-content\/uploads\/2023\/10\/internet-global-earth-3257966-300x228.jpg 300w, https:\/\/serviciotsg.mx\/wp-content\/uploads\/2023\/10\/internet-global-earth-3257966-1024x778.jpg 1024w, https:\/\/serviciotsg.mx\/wp-content\/uploads\/2023\/10\/internet-global-earth-3257966-768x583.jpg 768w\" sizes=\"(max-width: 1280px) 100vw, 1280px\" \/><\/a><\/figure><div class=\"elementor-image-box-content\"><h4 class=\"elementor-image-box-title\"><a href=\"https:\/\/serviciotsg.mx\/index.php\/desarrollo-de-software\/\">Desarrollo de Software<\/a><\/h4><p class=\"elementor-image-box-description\">Impulsando la eficiencia y la innovaci\u00f3n en su organizaci\u00f3n con aplicaciones a la medida,<\/p><\/div><\/div>\t\t\t\t<\/div>\n\t\t\t\t<\/div>\n\t\t\t\t\t<\/div>\n\t\t<\/div>\n\t\t\t\t<div class=\"elementor-column elementor-col-33 elementor-inner-column elementor-element elementor-element-3f072ac\" data-id=\"3f072ac\" data-element_type=\"column\" data-e-type=\"column\">\n\t\t\t<div class=\"elementor-widget-wrap elementor-element-populated\">\n\t\t\t\t\t\t<div class=\"elementor-element elementor-element-fa7c555 elementor-position-left elementor-vertical-align-middle elementor-widget elementor-widget-image-box\" data-id=\"fa7c555\" data-element_type=\"widget\" data-e-type=\"widget\" data-widget_type=\"image-box.default\">\n\t\t\t\t<div class=\"elementor-widget-container\">\n\t\t\t\t\t<div class=\"elementor-image-box-wrapper\"><figure class=\"elementor-image-box-img\"><a href=\"https:\/\/serviciotsg.mx\/index.php\/help-desk\/\" tabindex=\"-1\"><img decoding=\"async\" width=\"1163\" height=\"1280\" src=\"https:\/\/serviciotsg.mx\/wp-content\/uploads\/2023\/10\/headset-call-support-7727268.png\" class=\"attachment-full size-full wp-image-108\" alt=\"headset, call, support-7727268.jpg\" srcset=\"https:\/\/serviciotsg.mx\/wp-content\/uploads\/2023\/10\/headset-call-support-7727268.png 1163w, https:\/\/serviciotsg.mx\/wp-content\/uploads\/2023\/10\/headset-call-support-7727268-273x300.png 273w, https:\/\/serviciotsg.mx\/wp-content\/uploads\/2023\/10\/headset-call-support-7727268-930x1024.png 930w, https:\/\/serviciotsg.mx\/wp-content\/uploads\/2023\/10\/headset-call-support-7727268-768x845.png 768w\" sizes=\"(max-width: 1163px) 100vw, 1163px\" \/><\/a><\/figure><div class=\"elementor-image-box-content\"><h4 class=\"elementor-image-box-title\"><a href=\"https:\/\/serviciotsg.mx\/index.php\/help-desk\/\">Soporte T\u00e9cnico y Help Desk<\/a><\/h4><p class=\"elementor-image-box-description\">Brindamos asistencia inmediata para resolver problemas de TI, garantizando la productividad de su equipo.<\/p><\/div><\/div>\t\t\t\t<\/div>\n\t\t\t\t<\/div>\n\t\t\t\t\t<\/div>\n\t\t<\/div>\n\t\t\t\t<div class=\"elementor-column elementor-col-33 elementor-inner-column elementor-element elementor-element-945c3ea\" data-id=\"945c3ea\" data-element_type=\"column\" data-e-type=\"column\">\n\t\t\t<div class=\"elementor-widget-wrap elementor-element-populated\">\n\t\t\t\t\t\t<div class=\"elementor-element elementor-element-f9c3d32 elementor-position-left elementor-vertical-align-middle elementor-widget elementor-widget-image-box\" data-id=\"f9c3d32\" data-element_type=\"widget\" data-e-type=\"widget\" data-widget_type=\"image-box.default\">\n\t\t\t\t<div class=\"elementor-widget-container\">\n\t\t\t\t\t<div class=\"elementor-image-box-wrapper\"><figure class=\"elementor-image-box-img\"><a href=\"https:\/\/serviciotsg.mx\/index.php\/desarrollo-moviles\/\" tabindex=\"-1\"><img decoding=\"async\" width=\"300\" height=\"300\" src=\"https:\/\/serviciotsg.mx\/wp-content\/uploads\/2023\/10\/smartphone-mobile-phone-1132677-300x300.png\" class=\"attachment-medium size-medium wp-image-109\" alt=\"smartphone, mobile, phone-1132677.jpg\" srcset=\"https:\/\/serviciotsg.mx\/wp-content\/uploads\/2023\/10\/smartphone-mobile-phone-1132677-300x300.png 300w, https:\/\/serviciotsg.mx\/wp-content\/uploads\/2023\/10\/smartphone-mobile-phone-1132677-1024x1024.png 1024w, https:\/\/serviciotsg.mx\/wp-content\/uploads\/2023\/10\/smartphone-mobile-phone-1132677-150x150.png 150w, https:\/\/serviciotsg.mx\/wp-content\/uploads\/2023\/10\/smartphone-mobile-phone-1132677-768x768.png 768w, https:\/\/serviciotsg.mx\/wp-content\/uploads\/2023\/10\/smartphone-mobile-phone-1132677.png 1280w\" sizes=\"(max-width: 300px) 100vw, 300px\" \/><\/a><\/figure><div class=\"elementor-image-box-content\"><h4 class=\"elementor-image-box-title\"><a href=\"https:\/\/serviciotsg.mx\/index.php\/desarrollo-moviles\/\">Desarrollo de Aplicaciones M\u00f3viles<\/a><\/h4><p class=\"elementor-image-box-description\">Aumente la interacci\u00f3n y la lealtad del cliente a trav\u00e9s de soluciones m\u00f3viles innovadoras.<\/p><\/div><\/div>\t\t\t\t<\/div>\n\t\t\t\t<\/div>\n\t\t\t\t\t<\/div>\n\t\t<\/div>\n\t\t\t\t\t<\/div>\n\t\t<\/section>\n\t\t\t\t\t<\/div>\n\t\t<\/div>\n\t\t\t\t\t<\/div>\n\t\t<\/section>\n\t\t\t\t<\/div>\n\t\t","protected":false},"excerpt":{"rendered":"<p>Consultor\u00eda en Tecnolog\u00eda de Informaci\u00f3n La experiencia de consultores expertos en TI, ayuda a tomar decisiones m\u00e1s informadas, optimizar sus procesos, reducir costos y aumentar la eficiencia operativa Desarrollo de Software Impulsando la eficiencia y la innovaci\u00f3n en su organizaci\u00f3n con aplicaciones a la medida, Soporte T\u00e9cnico y Help Desk Brindamos asistencia inmediata para resolver [&hellip;]<\/p>\n","protected":false},"author":1,"featured_media":0,"parent":0,"menu_order":0,"comment_status":"closed","ping_status":"closed","template":"","meta":{"site-sidebar-layout":"default","site-content-layout":"","ast-site-content-layout":"default","site-content-style":"default","site-sidebar-style":"default","ast-global-header-display":"","ast-banner-title-visibility":"","ast-main-header-display":"","ast-hfb-above-header-display":"","ast-hfb-below-header-display":"","ast-hfb-mobile-header-display":"","site-post-title":"","ast-breadcrumbs-content":"","ast-featured-img":"","footer-sml-layout":"","ast-disable-related-posts":"","theme-transparent-header-meta":"","adv-header-id-meta":"","stick-header-meta":"","header-above-stick-meta":"","header-main-stick-meta":"","header-below-stick-meta":"","astra-migrate-meta-layouts":"default","ast-page-background-enabled":"default","ast-page-background-meta":{"desktop":{"background-color":"var(--ast-global-color-4)","background-image":"","background-repeat":"repeat","background-position":"center center","background-size":"auto","background-attachment":"scroll","background-type":"","background-media":"","overlay-type":"","overlay-color":"","overlay-opacity":"","overlay-gradient":""},"tablet":{"background-color":"","background-image":"","background-repeat":"repeat","background-position":"center center","background-size":"auto","background-attachment":"scroll","background-type":"","background-media":"","overlay-type":"","overlay-color":"","overlay-opacity":"","overlay-gradient":""},"mobile":{"background-color":"","background-image":"","background-repeat":"repeat","background-position":"center center","background-size":"auto","background-attachment":"scroll","background-type":"","background-media":"","overlay-type":"","overlay-color":"","overlay-opacity":"","overlay-gradient":""}},"ast-content-background-meta":{"desktop":{"background-color":"var(--ast-global-color-5)","background-image":"","background-repeat":"repeat","background-position":"center center","background-size":"auto","background-attachment":"scroll","background-type":"","background-media":"","overlay-type":"","overlay-color":"","overlay-opacity":"","overlay-gradient":""},"tablet":{"background-color":"var(--ast-global-color-5)","background-image":"","background-repeat":"repeat","background-position":"center center","background-size":"auto","background-attachment":"scroll","background-type":"","background-media":"","overlay-type":"","overlay-color":"","overlay-opacity":"","overlay-gradient":""},"mobile":{"background-color":"var(--ast-global-color-5)","background-image":"","background-repeat":"repeat","background-position":"center center","background-size":"auto","background-attachment":"scroll","background-type":"","background-media":"","overlay-type":"","overlay-color":"","overlay-opacity":"","overlay-gradient":""}},"footnotes":""},"class_list":["post-63","page","type-page","status-publish","hentry"],"_links":{"self":[{"href":"https:\/\/serviciotsg.mx\/index.php\/wp-json\/wp\/v2\/pages\/63","targetHints":{"allow":["GET"]}}],"collection":[{"href":"https:\/\/serviciotsg.mx\/index.php\/wp-json\/wp\/v2\/pages"}],"about":[{"href":"https:\/\/serviciotsg.mx\/index.php\/wp-json\/wp\/v2\/types\/page"}],"author":[{"embeddable":true,"href":"https:\/\/serviciotsg.mx\/index.php\/wp-json\/wp\/v2\/users\/1"}],"replies":[{"embeddable":true,"href":"https:\/\/serviciotsg.mx\/index.php\/wp-json\/wp\/v2\/comments?post=63"}],"version-history":[{"count":31,"href":"https:\/\/serviciotsg.mx\/index.php\/wp-json\/wp\/v2\/pages\/63\/revisions"}],"predecessor-version":[{"id":239,"href":"https:\/\/serviciotsg.mx\/index.php\/wp-json\/wp\/v2\/pages\/63\/revisions\/239"}],"wp:attachment":[{"href":"https:\/\/serviciotsg.mx\/index.php\/wp-json\/wp\/v2\/media?parent=63"}],"curies":[{"name":"wp","href":"https:\/\/api.w.org\/{rel}","templated":true}]}}